{"id":2132,"date":"2022-09-21T14:47:26","date_gmt":"2022-09-21T12:47:26","guid":{"rendered":"https:\/\/world-wide.es\/?page_id=2132"},"modified":"2023-12-21T10:37:28","modified_gmt":"2023-12-21T08:37:28","slug":"historico","status":"publish","type":"page","link":"https:\/\/experienciaswow.es\/pt\/historico\/","title":{"rendered":"Vivencias"},"content":{"rendered":"<div data-elementor-type=\"wp-page\" data-elementor-id=\"2132\" class=\"elementor elementor-2132\" data-elementor-post-type=\"page\">\n\t\t\t\t\t\t<section class=\"elementor-section elementor-top-section elementor-element elementor-element-c2ba699 elementor-section-boxed elementor-section-height-default elementor-section-height-default\" data-id=\"c2ba699\" data-element_type=\"section\">\n\t\t\t\t\t\t<div class=\"elementor-container elementor-column-gap-default\">\n\t\t\t\t\t<div class=\"elementor-column elementor-col-100 elementor-top-column elementor-element elementor-element-90aebfa\" data-id=\"90aebfa\" data-element_type=\"column\">\n\t\t\t<div class=\"elementor-widget-wrap elementor-element-populated\">\n\t\t\t\t\t\t<div class=\"elementor-element elementor-element-4c21171 elementor-widget elementor-widget-spacer\" data-id=\"4c21171\" data-element_type=\"widget\" data-widget_type=\"spacer.default\">\n\t\t\t\t<div class=\"elementor-widget-container\">\n\t\t\t\t\t<div class=\"elementor-spacer\">\n\t\t\t<div class=\"elementor-spacer-inner\"><\/div>\n\t\t<\/div>\n\t\t\t\t<\/div>\n\t\t\t\t<\/div>\n\t\t\t\t<div class=\"elementor-element elementor-element-51017f4 elementor-widget elementor-widget-heading\" data-id=\"51017f4\" data-element_type=\"widget\" data-widget_type=\"heading.default\">\n\t\t\t\t<div class=\"elementor-widget-container\">\n\t\t\t<h2 class=\"elementor-heading-title elementor-size-default\">Nuestras Vivencias<\/h2>\t\t<\/div>\n\t\t\t\t<\/div>\n\t\t\t\t<div class=\"elementor-element elementor-element-8bdd6ce elementor-widget-divider--view-line elementor-widget elementor-widget-divider\" data-id=\"8bdd6ce\" data-element_type=\"widget\" data-widget_type=\"divider.default\">\n\t\t\t\t<div class=\"elementor-widget-container\">\n\t\t\t\t\t<div class=\"elementor-divider\">\n\t\t\t<span class=\"elementor-divider-separator\">\n\t\t\t\t\t\t<\/span>\n\t\t<\/div>\n\t\t\t\t<\/div>\n\t\t\t\t<\/div>\n\t\t\t\t<div class=\"elementor-element elementor-element-d602c10 elementor-grid-3 elementor-grid-tablet-2 elementor-grid-mobile-1 elementor-posts--thumbnail-top elementor-widget elementor-widget-posts\" data-id=\"d602c10\" data-element_type=\"widget\" data-settings=\"{&quot;pagination_type&quot;:&quot;numbers_and_prev_next&quot;,&quot;classic_columns&quot;:&quot;3&quot;,&quot;classic_columns_tablet&quot;:&quot;2&quot;,&quot;classic_columns_mobile&quot;:&quot;1&quot;,&quot;classic_row_gap&quot;:{&quot;unit&quot;:&quot;px&quot;,&quot;size&quot;:35,&quot;sizes&quot;:[]},&quot;classic_row_gap_tablet&quot;:{&quot;unit&quot;:&quot;px&quot;,&quot;size&quot;:&quot;&quot;,&quot;sizes&quot;:[]},&quot;classic_row_gap_mobile&quot;:{&quot;unit&quot;:&quot;px&quot;,&quot;size&quot;:&quot;&quot;,&quot;sizes&quot;:[]}}\" data-widget_type=\"posts.classic\">\n\t\t\t\t<div class=\"elementor-widget-container\">\n\t\t\t\t\t<div class=\"elementor-posts-container elementor-posts elementor-posts--skin-classic elementor-grid\">\n\t\t\t\t<article class=\"elementor-post elementor-grid-item post-6224 post type-post status-publish format-standard has-post-thumbnail hentry category-registro\">\n\t\t\t\t<a class=\"elementor-post__thumbnail__link\" href=\"https:\/\/experienciaswow.es\/pt\/los-mas-sanos-en-la-provincia-de-valladolid\/\" tabindex=\"-1\" >\n\t\t\t<div class=\"elementor-post__thumbnail\"><img fetchpriority=\"high\" decoding=\"async\" width=\"768\" height=\"432\" src=\"https:\/\/experienciaswow.es\/wp-content\/uploads\/2023\/06\/slide_cover_2560-768x432.jpg\" class=\"attachment-medium_large size-medium_large wp-image-6225\" alt=\"\" srcset=\"https:\/\/experienciaswow.es\/wp-content\/uploads\/2023\/06\/slide_cover_2560-768x432.jpg 768w, https:\/\/experienciaswow.es\/wp-content\/uploads\/2023\/06\/slide_cover_2560-300x169.jpg 300w, https:\/\/experienciaswow.es\/wp-content\/uploads\/2023\/06\/slide_cover_2560-1024x576.jpg 1024w, https:\/\/experienciaswow.es\/wp-content\/uploads\/2023\/06\/slide_cover_2560-1536x864.jpg 1536w, https:\/\/experienciaswow.es\/wp-content\/uploads\/2023\/06\/slide_cover_2560-2048x1152.jpg 2048w, https:\/\/experienciaswow.es\/wp-content\/uploads\/2023\/06\/slide_cover_2560-18x10.jpg 18w\" sizes=\"(max-width: 768px) 100vw, 768px\" \/><\/div>\n\t\t<\/a>\n\t\t\t\t<div class=\"elementor-post__text\">\n\t\t\t\t<h3 class=\"elementor-post__title\">\n\t\t\t<a href=\"https:\/\/experienciaswow.es\/pt\/los-mas-sanos-en-la-provincia-de-valladolid\/\" >\n\t\t\t\tLos M\u00e1s Sanos en la Provincia de Valladolid\t\t\t<\/a>\n\t\t<\/h3>\n\t\t\t\t<div class=\"elementor-post__meta-data\">\n\t\t\t\t\t<span class=\"elementor-post-date\">\n\t\t\t19 de Junho de 2023\t\t<\/span>\n\t\t\t\t<\/div>\n\t\t\t\t<div class=\"elementor-post__excerpt\">\n\t\t\t<p>Los M\u00e1s Sanos est\u00e1n en la Provincia de Valladolid para ense\u00f1ar a los ni\u00f1os la importancia de los h\u00e1bitos de vida saludables.<\/p>\n\t\t<\/div>\n\t\t\t\t\t<div class=\"elementor-post__read-more-wrapper\">\n\t\t\n\t\t<a class=\"elementor-post__read-more\" href=\"https:\/\/experienciaswow.es\/pt\/los-mas-sanos-en-la-provincia-de-valladolid\/\" aria-label=\"Read more about Los M\u00e1s Sanos en la Provincia de Valladolid\" tabindex=\"-1\" >\n\t\t\tLeia mais \u00bb\t\t<\/a>\n\n\t\t\t\t\t<\/div>\n\t\t\t\t<\/div>\n\t\t\t\t<\/article>\n\t\t\t\t<article class=\"elementor-post elementor-grid-item post-6085 post type-post status-publish format-standard has-post-thumbnail hentry category-registro\">\n\t\t\t\t<a class=\"elementor-post__thumbnail__link\" href=\"https:\/\/experienciaswow.es\/pt\/semana-diabetes-2023\/\" tabindex=\"-1\" >\n\t\t\t<div class=\"elementor-post__thumbnail\"><img decoding=\"async\" width=\"768\" height=\"506\" src=\"https:\/\/experienciaswow.es\/wp-content\/uploads\/2023\/05\/semanaDiabetes_2023_portada-768x506.jpg\" class=\"attachment-medium_large size-medium_large wp-image-6090\" alt=\"\" srcset=\"https:\/\/experienciaswow.es\/wp-content\/uploads\/2023\/05\/semanaDiabetes_2023_portada-768x506.jpg 768w, https:\/\/experienciaswow.es\/wp-content\/uploads\/2023\/05\/semanaDiabetes_2023_portada-300x198.jpg 300w, https:\/\/experienciaswow.es\/wp-content\/uploads\/2023\/05\/semanaDiabetes_2023_portada-18x12.jpg 18w, https:\/\/experienciaswow.es\/wp-content\/uploads\/2023\/05\/semanaDiabetes_2023_portada.jpg 1024w\" sizes=\"(max-width: 768px) 100vw, 768px\" \/><\/div>\n\t\t<\/a>\n\t\t\t\t<div class=\"elementor-post__text\">\n\t\t\t\t<h3 class=\"elementor-post__title\">\n\t\t\t<a href=\"https:\/\/experienciaswow.es\/pt\/semana-diabetes-2023\/\" >\n\t\t\t\tLa Semana de la Diabetes 2023\t\t\t<\/a>\n\t\t<\/h3>\n\t\t\t\t<div class=\"elementor-post__meta-data\">\n\t\t\t\t\t<span class=\"elementor-post-date\">\n\t\t\t24 de Maio de 2023\t\t<\/span>\n\t\t\t\t<\/div>\n\t\t\t\t<div class=\"elementor-post__excerpt\">\n\t\t\t<p>Un a\u00f1o m\u00e1s se celebra la Semana de la diabetes, y este a\u00f1o hemos podido participar con photocalls, actuaciones musicales, y con La Ambulancia.<\/p>\n\t\t<\/div>\n\t\t\t\t\t<div class=\"elementor-post__read-more-wrapper\">\n\t\t\n\t\t<a class=\"elementor-post__read-more\" href=\"https:\/\/experienciaswow.es\/pt\/semana-diabetes-2023\/\" aria-label=\"Read more about La Semana de la Diabetes 2023\" tabindex=\"-1\" >\n\t\t\tLeia mais \u00bb\t\t<\/a>\n\n\t\t\t\t\t<\/div>\n\t\t\t\t<\/div>\n\t\t\t\t<\/article>\n\t\t\t\t<article class=\"elementor-post elementor-grid-item post-5558 post type-post status-publish format-standard has-post-thumbnail hentry category-registro\">\n\t\t\t\t<a class=\"elementor-post__thumbnail__link\" href=\"https:\/\/experienciaswow.es\/pt\/la-magia-en-fuensaldana\/\" tabindex=\"-1\" >\n\t\t\t<div class=\"elementor-post__thumbnail\"><img decoding=\"async\" width=\"768\" height=\"541\" src=\"https:\/\/experienciaswow.es\/wp-content\/uploads\/2023\/04\/magiaFuensaldana_flyer_Anverso_1024-768x541.jpg\" class=\"attachment-medium_large size-medium_large wp-image-5619\" alt=\"\" srcset=\"https:\/\/experienciaswow.es\/wp-content\/uploads\/2023\/04\/magiaFuensaldana_flyer_Anverso_1024-768x541.jpg 768w, https:\/\/experienciaswow.es\/wp-content\/uploads\/2023\/04\/magiaFuensaldana_flyer_Anverso_1024-300x211.jpg 300w, https:\/\/experienciaswow.es\/wp-content\/uploads\/2023\/04\/magiaFuensaldana_flyer_Anverso_1024-1024x722.jpg 1024w, https:\/\/experienciaswow.es\/wp-content\/uploads\/2023\/04\/magiaFuensaldana_flyer_Anverso_1024-18x12.jpg 18w, https:\/\/experienciaswow.es\/wp-content\/uploads\/2023\/04\/magiaFuensaldana_flyer_Anverso_1024.jpg 1453w\" sizes=\"(max-width: 768px) 100vw, 768px\" \/><\/div>\n\t\t<\/a>\n\t\t\t\t<div class=\"elementor-post__text\">\n\t\t\t\t<h3 class=\"elementor-post__title\">\n\t\t\t<a href=\"https:\/\/experienciaswow.es\/pt\/la-magia-en-fuensaldana\/\" >\n\t\t\t\tLa Magia se estrena en Fuensalda\u00f1a\t\t\t<\/a>\n\t\t<\/h3>\n\t\t\t\t<div class=\"elementor-post__meta-data\">\n\t\t\t\t\t<span class=\"elementor-post-date\">\n\t\t\t14 de Abril de 2023\t\t<\/span>\n\t\t\t\t<\/div>\n\t\t\t\t<div class=\"elementor-post__excerpt\">\n\t\t\t<p>La Historia de la Magia se estrena en Fuensalda\u00f1a, Valladolid. Con nada menos una gran exposici\u00f3n de 3 semanas de duraci\u00f3n y potenciado con shows de magia cada fin de semana.<\/p>\n\t\t<\/div>\n\t\t\t\t\t<div class=\"elementor-post__read-more-wrapper\">\n\t\t\n\t\t<a class=\"elementor-post__read-more\" href=\"https:\/\/experienciaswow.es\/pt\/la-magia-en-fuensaldana\/\" aria-label=\"Read more about La Magia se estrena en Fuensalda\u00f1a\" tabindex=\"-1\" >\n\t\t\tLeia mais \u00bb\t\t<\/a>\n\n\t\t\t\t\t<\/div>\n\t\t\t\t<\/div>\n\t\t\t\t<\/article>\n\t\t\t\t<article class=\"elementor-post elementor-grid-item post-5187 post type-post status-publish format-standard has-post-thumbnail hentry category-registro\">\n\t\t\t\t<a class=\"elementor-post__thumbnail__link\" href=\"https:\/\/experienciaswow.es\/pt\/halloween-en-intu-xanadu\/\" tabindex=\"-1\" >\n\t\t\t<div class=\"elementor-post__thumbnail\"><img loading=\"lazy\" decoding=\"async\" width=\"768\" height=\"512\" src=\"https:\/\/experienciaswow.es\/wp-content\/uploads\/2022\/11\/nina_maldita-768x512.jpg\" class=\"attachment-medium_large size-medium_large wp-image-5256\" alt=\"\" srcset=\"https:\/\/experienciaswow.es\/wp-content\/uploads\/2022\/11\/nina_maldita-768x512.jpg 768w, https:\/\/experienciaswow.es\/wp-content\/uploads\/2022\/11\/nina_maldita-300x200.jpg 300w, https:\/\/experienciaswow.es\/wp-content\/uploads\/2022\/11\/nina_maldita-1024x682.jpg 1024w, https:\/\/experienciaswow.es\/wp-content\/uploads\/2022\/11\/nina_maldita-1536x1023.jpg 1536w, https:\/\/experienciaswow.es\/wp-content\/uploads\/2022\/11\/nina_maldita-18x12.jpg 18w, https:\/\/experienciaswow.es\/wp-content\/uploads\/2022\/11\/nina_maldita.jpg 2048w\" sizes=\"(max-width: 768px) 100vw, 768px\" \/><\/div>\n\t\t<\/a>\n\t\t\t\t<div class=\"elementor-post__text\">\n\t\t\t\t<h3 class=\"elementor-post__title\">\n\t\t\t<a href=\"https:\/\/experienciaswow.es\/pt\/halloween-en-intu-xanadu\/\" >\n\t\t\t\tHalloween en Intu Xanadu\t\t\t<\/a>\n\t\t<\/h3>\n\t\t\t\t<div class=\"elementor-post__meta-data\">\n\t\t\t\t\t<span class=\"elementor-post-date\">\n\t\t\t7 de Novembro de 2022\t\t<\/span>\n\t\t\t\t<\/div>\n\t\t\t\t<div class=\"elementor-post__excerpt\">\n\t\t\t<p>Un a\u00f1o m\u00e1s llega la fecha favorita de los fan\u00e1ticos del terror, y nosotros lo hemos podido celebrar con vosotros en Intu Xanad\u00fa.<\/p>\n\t\t<\/div>\n\t\t\t\t\t<div class=\"elementor-post__read-more-wrapper\">\n\t\t\n\t\t<a class=\"elementor-post__read-more\" href=\"https:\/\/experienciaswow.es\/pt\/halloween-en-intu-xanadu\/\" aria-label=\"Read more about Halloween en Intu Xanadu\" tabindex=\"-1\" >\n\t\t\tLeia mais \u00bb\t\t<\/a>\n\n\t\t\t\t\t<\/div>\n\t\t\t\t<\/div>\n\t\t\t\t<\/article>\n\t\t\t\t<article class=\"elementor-post elementor-grid-item post-5339 post type-post status-publish format-standard has-post-thumbnail hentry category-registro\">\n\t\t\t\t<a class=\"elementor-post__thumbnail__link\" href=\"https:\/\/experienciaswow.es\/pt\/semana-diabetes-2022\/\" tabindex=\"-1\" >\n\t\t\t<div class=\"elementor-post__thumbnail\"><img loading=\"lazy\" decoding=\"async\" width=\"768\" height=\"576\" src=\"https:\/\/experienciaswow.es\/wp-content\/uploads\/2022\/11\/semana-diabetes-2022-cover-768x576.jpg\" class=\"attachment-medium_large size-medium_large wp-image-6217\" alt=\"\" srcset=\"https:\/\/experienciaswow.es\/wp-content\/uploads\/2022\/11\/semana-diabetes-2022-cover-768x576.jpg 768w, https:\/\/experienciaswow.es\/wp-content\/uploads\/2022\/11\/semana-diabetes-2022-cover-300x225.jpg 300w, https:\/\/experienciaswow.es\/wp-content\/uploads\/2022\/11\/semana-diabetes-2022-cover-16x12.jpg 16w, https:\/\/experienciaswow.es\/wp-content\/uploads\/2022\/11\/semana-diabetes-2022-cover.jpg 1000w\" sizes=\"(max-width: 768px) 100vw, 768px\" \/><\/div>\n\t\t<\/a>\n\t\t\t\t<div class=\"elementor-post__text\">\n\t\t\t\t<h3 class=\"elementor-post__title\">\n\t\t\t<a href=\"https:\/\/experienciaswow.es\/pt\/semana-diabetes-2022\/\" >\n\t\t\t\tLa Semana de la Diabetes 2022\t\t\t<\/a>\n\t\t<\/h3>\n\t\t\t\t<div class=\"elementor-post__meta-data\">\n\t\t\t\t\t<span class=\"elementor-post-date\">\n\t\t\t1 de Novembro de 2022\t\t<\/span>\n\t\t\t\t<\/div>\n\t\t\t\t<div class=\"elementor-post__excerpt\">\n\t\t\t<p>El pasado mes de Junio se celebr\u00f3 el evento Valladolid por la Diabetes en el Centro Comercial Vallsur. En \u00e9l, Experiencias World Wide tuvo el honor de ser el organizador de tal evento.<br \/>\nEsperamos que pudierais disfrutarlo.<\/p>\n\t\t<\/div>\n\t\t\t\t\t<div class=\"elementor-post__read-more-wrapper\">\n\t\t\n\t\t<a class=\"elementor-post__read-more\" href=\"https:\/\/experienciaswow.es\/pt\/semana-diabetes-2022\/\" aria-label=\"Read more about La Semana de la Diabetes 2022\" tabindex=\"-1\" >\n\t\t\tLeia mais \u00bb\t\t<\/a>\n\n\t\t\t\t\t<\/div>\n\t\t\t\t<\/div>\n\t\t\t\t<\/article>\n\t\t\t\t<\/div>\n\t\t\n\t\t\t\t<\/div>\n\t\t\t\t<\/div>\n\t\t\t\t<div class=\"elementor-element elementor-element-3b86b1f elementor-widget elementor-widget-spacer\" data-id=\"3b86b1f\" data-element_type=\"widget\" data-widget_type=\"spacer.default\">\n\t\t\t\t<div class=\"elementor-widget-container\">\n\t\t\t\t\t<div class=\"elementor-spacer\">\n\t\t\t<div class=\"elementor-spacer-inner\"><\/div>\n\t\t<\/div>\n\t\t\t\t<\/div>\n\t\t\t\t<\/div>\n\t\t\t\t\t<\/div>\n\t\t<\/div>\n\t\t\t\t\t<\/div>\n\t\t<\/section>\n\t\t\t\t<\/div>","protected":false},"excerpt":{"rendered":"<p>Nuestras Vivencias<\/p>","protected":false},"author":2,"featured_media":0,"parent":0,"menu_order":0,"comment_status":"closed","ping_status":"closed","template":"","meta":{"footnotes":""},"class_list":["post-2132","page","type-page","status-publish","hentry"],"aioseo_notices":[],"_links":{"self":[{"href":"https:\/\/experienciaswow.es\/pt\/wp-json\/wp\/v2\/pages\/2132","targetHints":{"allow":["GET"]}}],"collection":[{"href":"https:\/\/experienciaswow.es\/pt\/wp-json\/wp\/v2\/pages"}],"about":[{"href":"https:\/\/experienciaswow.es\/pt\/wp-json\/wp\/v2\/types\/page"}],"author":[{"embeddable":true,"href":"https:\/\/experienciaswow.es\/pt\/wp-json\/wp\/v2\/users\/2"}],"replies":[{"embeddable":true,"href":"https:\/\/experienciaswow.es\/pt\/wp-json\/wp\/v2\/comments?post=2132"}],"version-history":[{"count":58,"href":"https:\/\/experienciaswow.es\/pt\/wp-json\/wp\/v2\/pages\/2132\/revisions"}],"predecessor-version":[{"id":6478,"href":"https:\/\/experienciaswow.es\/pt\/wp-json\/wp\/v2\/pages\/2132\/revisions\/6478"}],"wp:attachment":[{"href":"https:\/\/experienciaswow.es\/pt\/wp-json\/wp\/v2\/media?parent=2132"}],"curies":[{"name":"wp","href":"https:\/\/api.w.org\/{rel}","templated":true}]}}